{"id":987,"date":"2025-11-26T10:25:17","date_gmt":"2025-11-26T09:25:17","guid":{"rendered":"https:\/\/esztellalevko.com\/?page_id=987"},"modified":"2025-11-26T10:25:18","modified_gmt":"2025-11-26T09:25:18","slug":"cookie-tajekoztato","status":"publish","type":"page","link":"https:\/\/esztellalevko.com\/en\/cookie-tajekoztato\/","title":{"rendered":"Cookie Policy"},"content":{"rendered":"<style>.kb-row-layout-id987_579e69-41 > .kt-row-column-wrap{align-content:start;}:where(.kb-row-layout-id987_579e69-41 > .kt-row-column-wrap) > .wp-block-kadence-column{justify-content:start;}.kb-row-layout-id987_579e69-41 > .kt-row-column-wrap{column-gap:var(--global-kb-gap-md, 2rem);row-gap:var(--global-kb-gap-md, 2rem);max-width:1120px;margin-left:auto;margin-right:auto;padding-top:var(--global-kb-spacing-5xl, 10rem);padding-bottom:var(--global-kb-spacing-5xl, 10rem);grid-template-columns:minmax(0, 1fr);}.kb-row-layout-id987_579e69-41{background-color:#27221e;}.kb-row-layout-id987_579e69-41 > .kt-row-layout-overlay{opacity:0.30;}@media all and (max-width: 1024px){.kb-row-layout-id987_579e69-41 > .kt-row-column-wrap{grid-template-columns:minmax(0, 1fr);}}@media all and (max-width: 767px){.kb-row-layout-id987_579e69-41 > .kt-row-column-wrap{grid-template-columns:minmax(0, 1fr);}}<\/style><div class=\"kb-row-layout-wrap kb-row-layout-id987_579e69-41 alignfull kt-row-has-bg wp-block-kadence-rowlayout\"><div class=\"kt-row-column-wrap kt-has-1-columns kt-row-layout-equal kt-tab-layout-inherit kt-mobile-layout-row kt-row-valign-top\">\n<style>.kadence-column987_f675a8-8b > .kt-inside-inner-col,.kadence-column987_f675a8-8b > .kt-inside-inner-col:before{border-top-left-radius:0px;border-top-right-radius:0px;border-bottom-right-radius:0px;border-bottom-left-radius:0px;}.kadence-column987_f675a8-8b > .kt-inside-inner-col{column-gap:var(--global-kb-gap-sm, 1rem);}.kadence-column987_f675a8-8b > .kt-inside-inner-col{flex-direction:column;}.kadence-column987_f675a8-8b > .kt-inside-inner-col > .aligncenter{width:100%;}.kadence-column987_f675a8-8b > .kt-inside-inner-col:before{opacity:0.3;}.kadence-column987_f675a8-8b{position:relative;}@media all and (max-width: 1024px){.kadence-column987_f675a8-8b > .kt-inside-inner-col{flex-direction:column;justify-content:center;}}@media all and (max-width: 767px){.kadence-column987_f675a8-8b > .kt-inside-inner-col{flex-direction:column;justify-content:center;}}<\/style>\n<div class=\"wp-block-kadence-column kadence-column987_f675a8-8b\"><div class=\"kt-inside-inner-col\"><style>.wp-block-kadence-advancedheading.kt-adv-heading987_f88dac-b8, .wp-block-kadence-advancedheading.kt-adv-heading987_f88dac-b8[data-kb-block=\"kb-adv-heading987_f88dac-b8\"]{font-weight:400;font-style:normal;font-family:Montserrat;}.wp-block-kadence-advancedheading.kt-adv-heading987_f88dac-b8 mark.kt-highlight, .wp-block-kadence-advancedheading.kt-adv-heading987_f88dac-b8[data-kb-block=\"kb-adv-heading987_f88dac-b8\"] mark.kt-highlight{font-style:normal;color:#f76a0c;-webkit-box-decoration-break:clone;box-decoration-break:clone;padding-top:0px;padding-right:0px;padding-bottom:0px;padding-left:0px;}<\/style>\n<h2 class=\"kt-adv-heading987_f88dac-b8 wp-block-kadence-advancedheading has-light-background-color has-text-color\" data-kb-block=\"kb-adv-heading987_f88dac-b8\"><strong>Cookie Policy<\/strong><\/h2>\n\n\n<style>.wp-block-kadence-advancedheading.kt-adv-heading987_e42073-aa, .wp-block-kadence-advancedheading.kt-adv-heading987_e42073-aa[data-kb-block=\"kb-adv-heading987_e42073-aa\"]{font-size:var(--global-kb-font-size-sm, 0.9rem);font-weight:300;font-style:normal;font-family:Montserrat;}.wp-block-kadence-advancedheading.kt-adv-heading987_e42073-aa mark.kt-highlight, .wp-block-kadence-advancedheading.kt-adv-heading987_e42073-aa[data-kb-block=\"kb-adv-heading987_e42073-aa\"] mark.kt-highlight{font-style:normal;color:#f76a0c;-webkit-box-decoration-break:clone;box-decoration-break:clone;padding-top:0px;padding-right:0px;padding-bottom:0px;padding-left:0px;}.wp-block-kadence-advancedheading.kt-adv-heading987_e42073-aa[data-kb-block=\"kb-adv-heading987_e42073-aa\"] a, .kt-adv-heading-link987_e42073-aa, .kt-adv-heading-link987_e42073-aa .kt-adv-heading987_e42073-aa[data-kb-block=\"kb-adv-heading987_e42073-aa\"]{color:#f99c78;}<\/style>\n<h2 class=\"kt-adv-heading987_e42073-aa wp-block-kadence-advancedheading has-light-background-color has-text-color\" data-kb-block=\"kb-adv-heading987_e42073-aa\">Ez a weboldal s\u00fctiket (cookie-kat) haszn\u00e1l. A s\u00fcti egy kis sz\u00f6veges f\u00e1jl, amely a l\u00e1togat\u00f3 sz\u00e1m\u00edt\u00f3g\u00e9p\u00e9n vagy mobil eszk\u00f6z\u00e9n ker\u00fcl elhelyez\u00e9sre, amikor felkeresi az oldalt. A s\u00fctik c\u00e9lja, hogy a weboldal jobban m\u0171k\u00f6dj\u00f6n, illetve statisztikai \u00e9s analitikai c\u00e9lokat szolg\u00e1ljon.<br><br>Az oldalon haszn\u00e1lt s\u00fctik t\u00edpusai:<br><br><strong>Sz\u00fcks\u00e9ges s\u00fctik:<\/strong> Az oldal alapvet\u0151 m\u0171k\u00f6d\u00e9s\u00e9hez sz\u00fcks\u00e9gesek, p\u00e9ld\u00e1ul a kapcsolatfelv\u00e9teli \u0171rlap m\u0171k\u00f6d\u00e9s\u00e9hez.<br><br><strong>Analitikai \/ teljes\u00edtm\u00e9ny s\u00fctik:<\/strong> Seg\u00edtik a weboldal l\u00e1togatotts\u00e1g\u00e1nak \u00e9s haszn\u00e1lat\u00e1nak elemz\u00e9s\u00e9t, p\u00e9ld\u00e1ul Google Analytics.<br><br><strong>Harmadik f\u00e9l s\u00fctik:<\/strong> A be\u00e1gyazott YouTube vide\u00f3k \u00e9s Instagram feedek m\u0171k\u00f6d\u00e9s\u00e9hez sz\u00fcks\u00e9gesek. Ezeket a harmadik f\u00e9l szolg\u00e1ltat\u00f3k kezelik.<br><br>A weboldal haszn\u00e1lat\u00e1val \u00d6n elfogadja a s\u00fctik haszn\u00e1lat\u00e1t. Ha nem szeretn\u00e9, hogy analitikai vagy harmadik f\u00e9l s\u00fctiket helyezz\u00fcnk el, k\u00e9rj\u00fck, \u00e1ll\u00edtsa be b\u00f6ng\u00e9sz\u0151j\u00e9ben a s\u00fctik tilt\u00e1s\u00e1t. A sz\u00fcks\u00e9ges s\u00fctik azonban a weboldal m\u0171k\u00f6d\u00e9s\u00e9hez k\u00f6telez\u0151ek, ezek n\u00e9lk\u00fcl az oldal nem minden funkci\u00f3ja lesz el\u00e9rhet\u0151.<br><br>A l\u00e1togat\u00f3nak joga van hozz\u00e1f\u00e9rni a r\u00f3la t\u00e1rolt adatokhoz, illetve tiltakozni az analitikai adatok gy\u0171jt\u00e9se ellen, p\u00e9ld\u00e1ul b\u00f6ng\u00e9sz\u0151 kieg\u00e9sz\u00edt\u0151k vagy a Do Not Track funkci\u00f3 haszn\u00e1lat\u00e1val.<\/h2>\n<\/div><\/div>\n\n<\/div><\/div>","protected":false},"excerpt":{"rendered":"<p>Cookie t\u00e1j\u00e9koztat\u00f3 Ez a weboldal s\u00fctiket (cookie-kat) haszn\u00e1l. A s\u00fcti egy kis sz\u00f6veges f\u00e1jl, amely a l\u00e1togat\u00f3 sz\u00e1m\u00edt\u00f3g\u00e9p\u00e9n vagy mobil eszk\u00f6z\u00e9n ker\u00fcl elhelyez\u00e9sre, amikor felkeresi az oldalt. A s\u00fctik c\u00e9lja, hogy a weboldal jobban m\u0171k\u00f6dj\u00f6n, illetve statisztikai \u00e9s analitikai c\u00e9lokat szolg\u00e1ljon. Az oldalon haszn\u00e1lt s\u00fctik t\u00edpusai: Sz\u00fcks\u00e9ges s\u00fctik: Az oldal alapvet\u0151 m\u0171k\u00f6d\u00e9s\u00e9hez sz\u00fcks\u00e9gesek, p\u00e9ld\u00e1ul a &hellip; <\/p>\n<p class=\"link-more\"><a href=\"https:\/\/esztellalevko.com\/en\/cookie-tajekoztato\/\" class=\"more-link\">Read more<span class=\"screen-reader-text\"> &#8222;Cookie t\u00e1j\u00e9koztat\u00f3&#8221;<\/span><\/a><\/p>","protected":false},"author":1,"featured_media":0,"parent":0,"menu_order":0,"comment_status":"closed","ping_status":"closed","template":"page-templates\/full-width-no-title.php","meta":{"footnotes":""},"class_list":["post-987","page","type-page","status-publish","hentry"],"yoast_head":"<!-- This site is optimized with the Yoast SEO plugin v26.5 - https:\/\/yoast.com\/wordpress\/plugins\/seo\/ -->\n<title>Cookie t\u00e1j\u00e9koztat\u00f3 |<\/title>\n<meta name=\"robots\" content=\"index, follow, max-snippet:-1, max-image-preview:large, max-video-preview:-1\" \/>\n<link rel=\"canonical\" href=\"https:\/\/esztellalevko.com\/en\/cookie-tajekoztato\/\" \/>\n<meta property=\"og:locale\" content=\"en_US\" \/>\n<meta property=\"og:type\" content=\"article\" \/>\n<meta property=\"og:title\" content=\"Cookie t\u00e1j\u00e9koztat\u00f3 |\" \/>\n<meta property=\"og:description\" content=\"Cookie t\u00e1j\u00e9koztat\u00f3 Ez a weboldal s\u00fctiket (cookie-kat) haszn\u00e1l. A s\u00fcti egy kis sz\u00f6veges f\u00e1jl, amely a l\u00e1togat\u00f3 sz\u00e1m\u00edt\u00f3g\u00e9p\u00e9n vagy mobil eszk\u00f6z\u00e9n ker\u00fcl elhelyez\u00e9sre, amikor felkeresi az oldalt. A s\u00fctik c\u00e9lja, hogy a weboldal jobban m\u0171k\u00f6dj\u00f6n, illetve statisztikai \u00e9s analitikai c\u00e9lokat szolg\u00e1ljon. Az oldalon haszn\u00e1lt s\u00fctik t\u00edpusai: Sz\u00fcks\u00e9ges s\u00fctik: Az oldal alapvet\u0151 m\u0171k\u00f6d\u00e9s\u00e9hez sz\u00fcks\u00e9gesek, p\u00e9ld\u00e1ul a &hellip; Read more &quot;Cookie t\u00e1j\u00e9koztat\u00f3&quot;\" \/>\n<meta property=\"og:url\" content=\"https:\/\/esztellalevko.com\/en\/cookie-tajekoztato\/\" \/>\n<meta property=\"article:modified_time\" content=\"2025-11-26T09:25:18+00:00\" \/>\n<meta property=\"og:image\" content=\"https:\/\/esztellalevko.com\/wp-content\/uploads\/2025\/12\/esztella-hero-desktop.png\" \/>\n\t<meta property=\"og:image:width\" content=\"721\" \/>\n\t<meta property=\"og:image:height\" content=\"523\" \/>\n\t<meta property=\"og:image:type\" content=\"image\/png\" \/>\n<meta name=\"twitter:card\" content=\"summary_large_image\" \/>\n<meta name=\"twitter:label1\" content=\"Est. reading time\" \/>\n\t<meta name=\"twitter:data1\" content=\"1 minute\" \/>\n<script type=\"application\/ld+json\" class=\"yoast-schema-graph\">{\"@context\":\"https:\/\/schema.org\",\"@graph\":[{\"@type\":\"WebPage\",\"@id\":\"https:\/\/esztellalevko.com\/cookie-tajekoztato\/\",\"url\":\"https:\/\/esztellalevko.com\/cookie-tajekoztato\/\",\"name\":\"Cookie t\u00e1j\u00e9koztat\u00f3 |\",\"isPartOf\":{\"@id\":\"https:\/\/esztellalevko.com\/#website\"},\"datePublished\":\"2025-11-26T09:25:17+00:00\",\"dateModified\":\"2025-11-26T09:25:18+00:00\",\"breadcrumb\":{\"@id\":\"https:\/\/esztellalevko.com\/cookie-tajekoztato\/#breadcrumb\"},\"inLanguage\":\"en-US\",\"potentialAction\":[{\"@type\":\"ReadAction\",\"target\":[\"https:\/\/esztellalevko.com\/cookie-tajekoztato\/\"]}]},{\"@type\":\"BreadcrumbList\",\"@id\":\"https:\/\/esztellalevko.com\/cookie-tajekoztato\/#breadcrumb\",\"itemListElement\":[{\"@type\":\"ListItem\",\"position\":1,\"name\":\"Kezd\u0151lap\",\"item\":\"https:\/\/esztellalevko.com\/\"},{\"@type\":\"ListItem\",\"position\":2,\"name\":\"Cookie t\u00e1j\u00e9koztat\u00f3\"}]},{\"@type\":\"WebSite\",\"@id\":\"https:\/\/esztellalevko.com\/#website\",\"url\":\"https:\/\/esztellalevko.com\/\",\"name\":\"Levko Esztella\",\"description\":\"Sz\u00edn\u00e9szn\u0151\",\"publisher\":{\"@id\":\"https:\/\/esztellalevko.com\/#organization\"},\"alternateName\":\"Esztella Levko\",\"potentialAction\":[{\"@type\":\"SearchAction\",\"target\":{\"@type\":\"EntryPoint\",\"urlTemplate\":\"https:\/\/esztellalevko.com\/?s={search_term_string}\"},\"query-input\":{\"@type\":\"PropertyValueSpecification\",\"valueRequired\":true,\"valueName\":\"search_term_string\"}}],\"inLanguage\":\"en-US\"},{\"@type\":\"Organization\",\"@id\":\"https:\/\/esztellalevko.com\/#organization\",\"name\":\"Levko Esztella\",\"url\":\"https:\/\/esztellalevko.com\/\",\"logo\":{\"@type\":\"ImageObject\",\"inLanguage\":\"en-US\",\"@id\":\"https:\/\/esztellalevko.com\/#\/schema\/logo\/image\/\",\"url\":\"https:\/\/esztellalevko.com\/wp-content\/uploads\/2025\/12\/esztella-hero-desktop.png\",\"contentUrl\":\"https:\/\/esztellalevko.com\/wp-content\/uploads\/2025\/12\/esztella-hero-desktop.png\",\"width\":721,\"height\":523,\"caption\":\"Levko Esztella\"},\"image\":{\"@id\":\"https:\/\/esztellalevko.com\/#\/schema\/logo\/image\/\"},\"sameAs\":[\"https:\/\/www.instagram.com\/levko.esztella\/\"]}]}<\/script>\n<!-- \/ Yoast SEO plugin. -->","yoast_head_json":{"title":"Cookie t\u00e1j\u00e9koztat\u00f3 |","robots":{"index":"index","follow":"follow","max-snippet":"max-snippet:-1","max-image-preview":"max-image-preview:large","max-video-preview":"max-video-preview:-1"},"canonical":"https:\/\/esztellalevko.com\/en\/cookie-tajekoztato\/","og_locale":"en_US","og_type":"article","og_title":"Cookie t\u00e1j\u00e9koztat\u00f3 |","og_description":"Cookie t\u00e1j\u00e9koztat\u00f3 Ez a weboldal s\u00fctiket (cookie-kat) haszn\u00e1l. A s\u00fcti egy kis sz\u00f6veges f\u00e1jl, amely a l\u00e1togat\u00f3 sz\u00e1m\u00edt\u00f3g\u00e9p\u00e9n vagy mobil eszk\u00f6z\u00e9n ker\u00fcl elhelyez\u00e9sre, amikor felkeresi az oldalt. A s\u00fctik c\u00e9lja, hogy a weboldal jobban m\u0171k\u00f6dj\u00f6n, illetve statisztikai \u00e9s analitikai c\u00e9lokat szolg\u00e1ljon. Az oldalon haszn\u00e1lt s\u00fctik t\u00edpusai: Sz\u00fcks\u00e9ges s\u00fctik: Az oldal alapvet\u0151 m\u0171k\u00f6d\u00e9s\u00e9hez sz\u00fcks\u00e9gesek, p\u00e9ld\u00e1ul a &hellip; Read more \"Cookie t\u00e1j\u00e9koztat\u00f3\"","og_url":"https:\/\/esztellalevko.com\/en\/cookie-tajekoztato\/","article_modified_time":"2025-11-26T09:25:18+00:00","og_image":[{"width":721,"height":523,"url":"https:\/\/esztellalevko.com\/wp-content\/uploads\/2025\/12\/esztella-hero-desktop.png","type":"image\/png"}],"twitter_card":"summary_large_image","twitter_misc":{"Est. reading time":"1 minute"},"schema":{"@context":"https:\/\/schema.org","@graph":[{"@type":"WebPage","@id":"https:\/\/esztellalevko.com\/cookie-tajekoztato\/","url":"https:\/\/esztellalevko.com\/cookie-tajekoztato\/","name":"Cookie t\u00e1j\u00e9koztat\u00f3 |","isPartOf":{"@id":"https:\/\/esztellalevko.com\/#website"},"datePublished":"2025-11-26T09:25:17+00:00","dateModified":"2025-11-26T09:25:18+00:00","breadcrumb":{"@id":"https:\/\/esztellalevko.com\/cookie-tajekoztato\/#breadcrumb"},"inLanguage":"en-US","potentialAction":[{"@type":"ReadAction","target":["https:\/\/esztellalevko.com\/cookie-tajekoztato\/"]}]},{"@type":"BreadcrumbList","@id":"https:\/\/esztellalevko.com\/cookie-tajekoztato\/#breadcrumb","itemListElement":[{"@type":"ListItem","position":1,"name":"Kezd\u0151lap","item":"https:\/\/esztellalevko.com\/"},{"@type":"ListItem","position":2,"name":"Cookie t\u00e1j\u00e9koztat\u00f3"}]},{"@type":"WebSite","@id":"https:\/\/esztellalevko.com\/#website","url":"https:\/\/esztellalevko.com\/","name":"Levko Esztella","description":"Sz\u00edn\u00e9szn\u0151","publisher":{"@id":"https:\/\/esztellalevko.com\/#organization"},"alternateName":"Esztella Levko","potentialAction":[{"@type":"SearchAction","target":{"@type":"EntryPoint","urlTemplate":"https:\/\/esztellalevko.com\/?s={search_term_string}"},"query-input":{"@type":"PropertyValueSpecification","valueRequired":true,"valueName":"search_term_string"}}],"inLanguage":"en-US"},{"@type":"Organization","@id":"https:\/\/esztellalevko.com\/#organization","name":"Levko Esztella","url":"https:\/\/esztellalevko.com\/","logo":{"@type":"ImageObject","inLanguage":"en-US","@id":"https:\/\/esztellalevko.com\/#\/schema\/logo\/image\/","url":"https:\/\/esztellalevko.com\/wp-content\/uploads\/2025\/12\/esztella-hero-desktop.png","contentUrl":"https:\/\/esztellalevko.com\/wp-content\/uploads\/2025\/12\/esztella-hero-desktop.png","width":721,"height":523,"caption":"Levko Esztella"},"image":{"@id":"https:\/\/esztellalevko.com\/#\/schema\/logo\/image\/"},"sameAs":["https:\/\/www.instagram.com\/levko.esztella\/"]}]}},"featured_image_src":false,"featured_image_src_square":false,"rbea_author_info":{"display_name":"nati","author_link":"https:\/\/esztellalevko.com\/en\/author\/nati\/"},"rbea_excerpt_info":"Cookie t\u00e1j\u00e9koztat\u00f3 Ez a weboldal s\u00fctiket (cookie-kat) haszn\u00e1l. A s\u00fcti egy kis sz\u00f6veges f\u00e1jl, amely a l\u00e1togat\u00f3 sz\u00e1m\u00edt\u00f3g\u00e9p\u00e9n vagy mobil eszk\u00f6z\u00e9n ker\u00fcl elhelyez\u00e9sre, amikor felkeresi az oldalt. A s\u00fctik c\u00e9lja, hogy a weboldal jobban m\u0171k\u00f6dj\u00f6n, illetve statisztikai \u00e9s analitikai c\u00e9lokat szolg\u00e1ljon. Az oldalon haszn\u00e1lt s\u00fctik t\u00edpusai: Sz\u00fcks\u00e9ges s\u00fctik: Az oldal alapvet\u0151 m\u0171k\u00f6d\u00e9s\u00e9hez sz\u00fcks\u00e9gesek, p\u00e9ld\u00e1ul a &hellip; <p class=\"link-more\"><a href=\"https:\/\/esztellalevko.com\/en\/cookie-tajekoztato\/\" class=\"more-link\">Read more<span class=\"screen-reader-text\"> \"Cookie t\u00e1j\u00e9koztat\u00f3\"<\/span><\/a><\/p>","_links":{"self":[{"href":"https:\/\/esztellalevko.com\/en\/wp-json\/wp\/v2\/pages\/987","targetHints":{"allow":["GET"]}}],"collection":[{"href":"https:\/\/esztellalevko.com\/en\/wp-json\/wp\/v2\/pages"}],"about":[{"href":"https:\/\/esztellalevko.com\/en\/wp-json\/wp\/v2\/types\/page"}],"author":[{"embeddable":true,"href":"https:\/\/esztellalevko.com\/en\/wp-json\/wp\/v2\/users\/1"}],"replies":[{"embeddable":true,"href":"https:\/\/esztellalevko.com\/en\/wp-json\/wp\/v2\/comments?post=987"}],"version-history":[{"count":0,"href":"https:\/\/esztellalevko.com\/en\/wp-json\/wp\/v2\/pages\/987\/revisions"}],"wp:attachment":[{"href":"https:\/\/esztellalevko.com\/en\/wp-json\/wp\/v2\/media?parent=987"}],"curies":[{"name":"wp","href":"https:\/\/api.w.org\/{rel}","templated":true}]}}